{"id":2603,"date":"2026-03-10T12:48:44","date_gmt":"2026-03-10T11:48:44","guid":{"rendered":"https:\/\/mok.konstantynow.pl\/?page_id=2603"},"modified":"2026-03-10T13:48:03","modified_gmt":"2026-03-10T12:48:03","slug":"kulturalny-orlen","status":"publish","type":"page","link":"https:\/\/mok.konstantynow.pl\/index.php\/kulturalny-orlen\/","title":{"rendered":"Kulturalny ORLEN"},"content":{"rendered":"<p style=\"font-weight: 400;\">Projekt zak\u0142ada organizacj\u0119 niekomercyjnych, stacjonarnych i interdyscyplinarnych warsztat\u00f3w artystycznych dla dzieci i m\u0142odzie\u017cy z Konstantynowa \u0141\u00f3dzkiego, przy jednoczesnym rozwijaniu kompetencji spo\u0142ecznych, od pa\u017adziernika 2025 do czerwca 2026, \u0142\u0105cznie 216 godzin w czterech dziedzinach sztuki:<\/p>\n<p style=\"font-weight: 400;\">MUZYKA &#8211; cotygodniowe spotkania, na kt\u00f3rych grupa artyst\u00f3w wsp\u00f3lnie muzykuje, z wykorzystaniem r\u00f3\u017cnych instrument\u00f3w i r\u00f3\u017cnych styli muzycznych.<\/p>\n<p style=\"font-weight: 400;\">Promuj\u0105c postaw\u0119 partycypacyjnego uczestnictwa w kulturze b\u0119dziemy kszta\u0142towa\u0107 poczucie, \u017ce kultura jest nieodzownym elementem ich rozwoju. Stwarzaj\u0105c im przestrze\u0144 do zabawy damy mo\u017cliwo\u015b\u0107 szerszego zainteresowania kultur\u0105, odkrycia pasji, przez co nawi\u0105\u017c\u0105 relacje.<\/p>\n<p style=\"font-weight: 400;\">TEATR &#8211; nauka gry aktorskiej, pantomimy, praca nad tekstem, improwizacja.<\/p>\n<p style=\"font-weight: 400;\">PLASTYKA &#8211; grafika, graffiti, linoryt. Praca na r\u00f3\u017cnych formach, kolorach, strukturach.<\/p>\n<p style=\"font-weight: 400;\">CERAMIKA &#8211; bezpo\u015bredni kontakt z glin\u0105, nauka techniki jej kszta\u0142towania, rze\u017abienia i zdobienia. Dzi\u0119ki zakupionemu piecu prace dzieci s\u0105 wypalane.<\/p>\n<p style=\"font-weight: 400;\">Organizacja wszystkich warsztat\u00f3w b\u0119dzie zako\u0144czona otwartym wydarzeniem: koncert, spektakl, wystawa. Dla ka\u017cdej z grup zorganizujemy wyjazd na koncert, spektakl, warsztaty i zwiedzanie Muzeum Ceramiku w Boles\u0142awcu czy wycieczk\u0119 i warsztaty \u015bladami \u0142\u00f3dzkich murali.<\/p>\n<p><img decoding=\"async\" loading=\"lazy\" class=\"alignnone size-large wp-image-2605\" src=\"https:\/\/mok.konstantynow.pl\/wp-content\/uploads\/2026\/03\/unnamed-819x1024.jpg\" alt=\"\" width=\"800\" height=\"1000\" srcset=\"https:\/\/mok.konstantynow.pl\/wp-content\/uploads\/2026\/03\/unnamed-819x1024.jpg 819w, https:\/\/mok.konstantynow.pl\/wp-content\/uploads\/2026\/03\/unnamed-240x300.jpg 240w, https:\/\/mok.konstantynow.pl\/wp-content\/uploads\/2026\/03\/unnamed-768x960.jpg 768w, https:\/\/mok.konstantynow.pl\/wp-content\/uploads\/2026\/03\/unnamed.jpg 1080w\" sizes=\"(max-width: 800px) 100vw, 800px\" \/><\/p>\n<p>&nbsp;<\/p>\n","protected":false},"excerpt":{"rendered":"<p>Projekt zak\u0142ada organizacj\u0119 niekomercyjnych, stacjonarnych i interdyscyplinarnych warsztat\u00f3w artystycznych dla dzieci i m\u0142odzie\u017cy z Konstantynowa \u0141\u00f3dzkiego, przy jednoczesnym rozwijaniu kompetencji spo\u0142ecznych, od pa\u017adziernika 2025 do czerwca 2026, \u0142\u0105cznie 216 godzin &#8230;<\/p>\n","protected":false},"author":2,"featured_media":2605,"parent":0,"menu_order":0,"comment_status":"closed","ping_status":"closed","template":"","meta":{"footnotes":""},"_links":{"self":[{"href":"https:\/\/mok.konstantynow.pl\/index.php\/wp-json\/wp\/v2\/pages\/2603"}],"collection":[{"href":"https:\/\/mok.konstantynow.pl\/index.php\/wp-json\/wp\/v2\/pages"}],"about":[{"href":"https:\/\/mok.konstantynow.pl\/index.php\/wp-json\/wp\/v2\/types\/page"}],"author":[{"embeddable":true,"href":"https:\/\/mok.konstantynow.pl\/index.php\/wp-json\/wp\/v2\/users\/2"}],"replies":[{"embeddable":true,"href":"https:\/\/mok.konstantynow.pl\/index.php\/wp-json\/wp\/v2\/comments?post=2603"}],"version-history":[{"count":3,"href":"https:\/\/mok.konstantynow.pl\/index.php\/wp-json\/wp\/v2\/pages\/2603\/revisions"}],"predecessor-version":[{"id":2607,"href":"https:\/\/mok.konstantynow.pl\/index.php\/wp-json\/wp\/v2\/pages\/2603\/revisions\/2607"}],"wp:featuredmedia":[{"embeddable":true,"href":"https:\/\/mok.konstantynow.pl\/index.php\/wp-json\/wp\/v2\/media\/2605"}],"wp:attachment":[{"href":"https:\/\/mok.konstantynow.pl\/index.php\/wp-json\/wp\/v2\/media?parent=2603"}],"curies":[{"name":"wp","href":"https:\/\/api.w.org\/{rel}","templated":true}]}}